{"id":70,"date":"2024-04-25T17:31:52","date_gmt":"2024-04-25T17:31:52","guid":{"rendered":"https:\/\/drvosan.hr\/index.php\/colibri-wp\/"},"modified":"2024-05-15T13:04:29","modified_gmt":"2024-05-15T13:04:29","slug":"colibri-wp","status":"publish","type":"page","link":"https:\/\/drvosan.hr\/","title":{"rendered":""},"content":{"rendered":"\n<figure class=\"wp-block-pullquote\"><blockquote><p>&#8221; <em>Tajna uspjeha u \u017eivotu nije u<\/em>&nbsp;tome da&nbsp;<em>\u010dovjek radi<\/em>&nbsp;ono \u0161to voli, ve\u0107 da voli ono \u0161to&nbsp;<em>radi<\/em>. &#8220;<\/p><cite>W. Churchill<\/cite><\/blockquote><\/figure>\n\n\n\n<div class=\"wp-block-media-text has-media-on-the-right is-stacked-on-mobile\" style=\"grid-template-columns:auto 23%\"><div class=\"wp-block-media-text__content\">\n<p><\/p>\n\n\n\n<p><strong><u>O NAMA<\/u><\/strong><\/p>\n\n\n\n<p>DRVOSAN \u2013 stolarski obrt je obiteljski obrt koji posluje od 2013. godine<\/p>\n\n\n\n<p>U svojem radu izlazimo u susret \u017eeljama i potrebama kupaca. Kontinuirani rast, borbeni duh, razvoj, pra\u0107enje tr\u017ei\u0161ta i primjena inovacija omogu\u0107ili su nam da rastemo i trajemo.<\/p>\n\n\n\n<p>Va\u0161 stolar u Klju\u010du Brdove\u010dkom.<\/p>\n\n\n\n<p>Obratite nam se s povjerenjem.<\/p>\n\n\n\n<p><a href=\"https:\/\/drvosan.hr\/index.php\/o-nama-3\/\" data-type=\"page\" data-id=\"185\">Pro\u010ditajte vi\u0161e..<\/a><\/p>\n<\/div><figure class=\"wp-block-media-text__media\"><img loading=\"lazy\" decoding=\"async\" width=\"1024\" height=\"1024\" src=\"https:\/\/drvosan.hr\/wp-content\/uploads\/2024\/04\/1714148275929-1024x1024.jpg\" alt=\"\" class=\"wp-image-196 size-full\" srcset=\"https:\/\/drvosan.hr\/wp-content\/uploads\/2024\/04\/1714148275929-1024x1024.jpg 1024w, https:\/\/drvosan.hr\/wp-content\/uploads\/2024\/04\/1714148275929-300x300.jpg 300w, https:\/\/drvosan.hr\/wp-content\/uploads\/2024\/04\/1714148275929-150x150.jpg 150w, https:\/\/drvosan.hr\/wp-content\/uploads\/2024\/04\/1714148275929.jpg 1280w\" sizes=\"auto, (max-width: 1024px) 100vw, 1024px\" \/><\/figure><\/div>\n\n\n\n<div style=\"height:40px\" aria-hidden=\"true\" class=\"wp-block-spacer\"><\/div>\n\n\n\n<hr class=\"wp-block-separator has-alpha-channel-opacity\"\/>\n\n\n\n<div class=\"wp-block-media-text is-stacked-on-mobile\" style=\"grid-template-columns:24% auto\"><figure class=\"wp-block-media-text__media\"><img loading=\"lazy\" decoding=\"async\" width=\"564\" height=\"564\" src=\"https:\/\/drvosan.hr\/wp-content\/uploads\/2024\/04\/1714211576553.jpg\" alt=\"\" class=\"wp-image-316 size-full\" srcset=\"https:\/\/drvosan.hr\/wp-content\/uploads\/2024\/04\/1714211576553.jpg 564w, https:\/\/drvosan.hr\/wp-content\/uploads\/2024\/04\/1714211576553-300x300.jpg 300w, https:\/\/drvosan.hr\/wp-content\/uploads\/2024\/04\/1714211576553-150x150.jpg 150w\" sizes=\"auto, (max-width: 564px) 100vw, 564px\" \/><\/figure><div class=\"wp-block-media-text__content\">\n<p><\/p>\n\n\n\n<p><strong><u>KUHINJE <\/u><\/strong><\/p>\n\n\n\n<ul class=\"wp-block-list\">\n<li>Kuhinje po mjeri najbolje su rje\u0161enje za ure\u0111enje Va\u0161eg doma. Izra\u0111ujemo kuhinje po va\u0161im \u017eeljama i mjerama od \u0161perplo\u010de, punog drveta i iverala.<\/li>\n\n\n\n<li>Kuhinje po mjeri izra\u0111ene su od visokokvalitetnih materijala, okova i namje\u0161taja koji su precizno izra\u0111eni.<\/li>\n\n\n\n<li>Nudimo Vam kompletan kuhinjski program.<br><a href=\"https:\/\/drvosan.hr\/index.php\/kuhinje\/\" data-type=\"page\" data-id=\"57\">Pro\u010ditajte vi\u0161e..<\/a><\/li>\n<\/ul>\n<\/div><\/div>\n\n\n\n<div style=\"height:53px\" aria-hidden=\"true\" class=\"wp-block-spacer\"><\/div>\n\n\n\n<hr class=\"wp-block-separator has-alpha-channel-opacity\"\/>\n\n\n\n<div class=\"wp-block-media-text has-media-on-the-right is-stacked-on-mobile\" style=\"grid-template-columns:auto 32%\"><div class=\"wp-block-media-text__content\">\n<p><\/p>\n\n\n\n<p><strong><mark style=\"background-color:rgba(0, 0, 0, 0)\" class=\"has-inline-color has-primary-color\"><strong><u>NAMJE\u0160TAJ PO MJERI<\/u><\/strong><\/mark><\/strong><\/p>\n\n\n\n<p>Namje\u0161taj izra\u0111ujemo isklju\u010divo za Vas i prema Va\u0161im \u017eeljama. <\/p>\n\n\n\n<p>Bilo da imate vlastitu ideju ili trebate pomo\u0107, mi imamo kapacitet, znanje i iskustvo da ideju pretvorimo u gotov proizvod. Za Vas \u0107emo izraditi namje\u0161taj koji se savr\u0161eno uklapa u Va\u0161 prostor, modernog je dizajna i besprijekorne kvalitete. Sve \u0161to trebamo je Va\u0161a odluka, ostalo je na\u0161a briga.<\/p>\n\n\n\n<p><a href=\"https:\/\/drvosan.hr\/index.php\/namjestaj-po-mjeri\/\" data-type=\"page\" data-id=\"145\">Pro\u010ditajte vi\u0161e..<\/a><\/p>\n<\/div><figure class=\"wp-block-media-text__media\"><img loading=\"lazy\" decoding=\"async\" width=\"852\" height=\"544\" src=\"https:\/\/drvosan.hr\/wp-content\/uploads\/2024\/04\/regal-z-biurkiem-falkowska-detal-1-950x544-1.jpg\" alt=\"\" class=\"wp-image-322 size-full\" srcset=\"https:\/\/drvosan.hr\/wp-content\/uploads\/2024\/04\/regal-z-biurkiem-falkowska-detal-1-950x544-1.jpg 852w, https:\/\/drvosan.hr\/wp-content\/uploads\/2024\/04\/regal-z-biurkiem-falkowska-detal-1-950x544-1-300x192.jpg 300w\" sizes=\"auto, (max-width: 852px) 100vw, 852px\" \/><\/figure><\/div>\n\n\n\n<div style=\"height:23px\" aria-hidden=\"true\" class=\"wp-block-spacer\"><\/div>\n\n\n\n<hr class=\"wp-block-separator has-alpha-channel-opacity\"\/>\n\n\n\n<div class=\"wp-block-media-text is-stacked-on-mobile\" style=\"grid-template-columns:22% auto\"><figure class=\"wp-block-media-text__media\"><img loading=\"lazy\" decoding=\"async\" width=\"842\" height=\"1024\" src=\"https:\/\/drvosan.hr\/wp-content\/uploads\/2024\/04\/402946592_6762164060531536_4060999178780734754_n-842x1024.jpg\" alt=\"\" class=\"wp-image-327 size-full\" srcset=\"https:\/\/drvosan.hr\/wp-content\/uploads\/2024\/04\/402946592_6762164060531536_4060999178780734754_n-842x1024.jpg 842w, https:\/\/drvosan.hr\/wp-content\/uploads\/2024\/04\/402946592_6762164060531536_4060999178780734754_n-247x300.jpg 247w, https:\/\/drvosan.hr\/wp-content\/uploads\/2024\/04\/402946592_6762164060531536_4060999178780734754_n.jpg 1536w\" sizes=\"auto, (max-width: 842px) 100vw, 842px\" \/><\/figure><div class=\"wp-block-media-text__content\">\n<p><\/p>\n\n\n\n<p><strong><u>UNUTARNJA VRATA<\/u><\/strong><\/p>\n\n\n\n<p>Na\u0161a vrata su izra\u0111ena s posebnom pa\u017enjom prema&nbsp;<strong>kvaliteti i izdr\u017eljivost<\/strong>&nbsp;te su dizajnirana da pru\u017ee glatko i tiho otvaranje i zatvaranje, osiguravaju\u0107i miran i ugodan prostor za \u017eivot.<\/p>\n\n\n\n<p><\/p>\n\n\n\n<p><a href=\"https:\/\/drvosan.hr\/index.php\/unutarnja-vrata\/\" data-type=\"page\" data-id=\"162\">Pro\u010ditajte vi\u0161e..<\/a><\/p>\n<\/div><\/div>\n\n\n\n<div style=\"height:47px\" aria-hidden=\"true\" class=\"wp-block-spacer\"><\/div>\n\n\n\n<hr class=\"wp-block-separator has-alpha-channel-opacity\"\/>\n\n\n\n<h3 class=\"wp-block-heading has-text-align-center\"><a href=\"https:\/\/drvosan.hr\/index.php\/kontakt\/\" data-type=\"page\" data-id=\"190\">Obratite nam se s povjerenjem.<\/a><\/h3>\n\n\n\n<div style=\"height:56px\" aria-hidden=\"true\" class=\"wp-block-spacer\"><\/div>\n","protected":false},"excerpt":{"rendered":"<p>&#8221; Tajna uspjeha u \u017eivotu nije u&nbsp;tome da&nbsp;\u010dovjek radi&nbsp;ono \u0161to voli, ve\u0107 da voli ono \u0161to&nbsp;radi. &#8220; W. Churchill O NAMA DRVOSAN \u2013 stolarski obrt je obiteljski obrt koji posluje od 2013. godine U svojem radu izlazimo u susret \u017eeljama i potrebama kupaca. Kontinuirani rast, borbeni duh, razvoj, pra\u0107enje tr\u017ei\u0161ta i primjena inovacija omogu\u0107ili su &hellip; <\/p>\n<p class=\"link-more\"><a href=\"https:\/\/drvosan.hr\/\" class=\"more-link\">Read more<span class=\"screen-reader-text\"> &#8220;&#8221;<\/span><\/a><\/p>\n","protected":false},"author":1,"featured_media":0,"parent":0,"menu_order":0,"comment_status":"closed","ping_status":"closed","template":"page-templates\/homepage.php","meta":{"ngg_post_thumbnail":0,"inspiro_hide_title":false,"footnotes":""},"class_list":["post-70","page","type-page","status-publish","hentry"],"jetpack_sharing_enabled":true,"_links":{"self":[{"href":"https:\/\/drvosan.hr\/index.php\/wp-json\/wp\/v2\/pages\/70","targetHints":{"allow":["GET"]}}],"collection":[{"href":"https:\/\/drvosan.hr\/index.php\/wp-json\/wp\/v2\/pages"}],"about":[{"href":"https:\/\/drvosan.hr\/index.php\/wp-json\/wp\/v2\/types\/page"}],"author":[{"embeddable":true,"href":"https:\/\/drvosan.hr\/index.php\/wp-json\/wp\/v2\/users\/1"}],"replies":[{"embeddable":true,"href":"https:\/\/drvosan.hr\/index.php\/wp-json\/wp\/v2\/comments?post=70"}],"version-history":[{"count":34,"href":"https:\/\/drvosan.hr\/index.php\/wp-json\/wp\/v2\/pages\/70\/revisions"}],"predecessor-version":[{"id":553,"href":"https:\/\/drvosan.hr\/index.php\/wp-json\/wp\/v2\/pages\/70\/revisions\/553"}],"wp:attachment":[{"href":"https:\/\/drvosan.hr\/index.php\/wp-json\/wp\/v2\/media?parent=70"}],"curies":[{"name":"wp","href":"https:\/\/api.w.org\/{rel}","templated":true}]}}