{"id":185,"date":"2024-04-26T16:26:55","date_gmt":"2024-04-26T16:26:55","guid":{"rendered":"https:\/\/drvosan.hr\/?page_id=185"},"modified":"2024-05-03T07:47:10","modified_gmt":"2024-05-03T07:47:10","slug":"o-nama-3","status":"publish","type":"page","link":"https:\/\/drvosan.hr\/index.php\/o-nama-3\/","title":{"rendered":"O NAMA"},"content":{"rendered":"\n<div class=\"wp-block-group has-background has-global-padding is-layout-constrained wp-block-group-is-layout-constrained\" style=\"background-color:#e5e9ec;padding-top:var(--wp--preset--spacing--small);padding-bottom:var(--wp--preset--spacing--small)\">\n<div class=\"wp-block-columns is-layout-flex wp-container-core-columns-is-layout-7db7aa3e wp-block-columns-is-layout-flex\" style=\"padding-right:0;padding-left:0\">\n<div class=\"wp-block-column is-vertically-aligned-center is-layout-flow wp-block-column-is-layout-flow\">\n<h2 class=\"wp-block-heading has-medium-font-size\" style=\"text-transform:uppercase\"><\/h2>\n\n\n\n<p>DRVOSAN \u2013 stolarski obrt je obiteljski obrt koji posluje od 2013. godine<\/p>\n\n\n\n<p>U svojem radu izlazimo u susret \u017eeljama i potrebama kupaca.<\/p>\n\n\n\n<p>Kontinuirani rast, razvoj, borbeni duh, pra\u0107enje tr\u017ei\u0161ta i primjena inovacija omogu\u0107ili su nam da rastemo i trajemo.<\/p>\n\n\n\n<p>Osnovna djelatnost obrta je proizvodnja drvene&nbsp;vanjske stolarije, unutarnjih vrata, proizvodnja namje\u0161taja, kuhinja po mjeri, stolova, spava\u0107ih soba, stepeni\u0161ta, ugradbenih ormara.<\/p>\n\n\n\n<p>Posjedujemo dugogodi\u0161nje iskustvo u izradi stolarije, te suvremeno opremljeni proizvodni pogon omogu\u0107uje nam da svakodnevno proizvodimo raznovrstan asortiman proizvoda od drva.<\/p>\n\n\n\n<p>Va\u0161 stolar u Klju\u010du Brdove\u010dkom.<\/p>\n\n\n\n<p>Obratite nam se s povjerenjem.<\/p>\n\n\n\n<p><\/p>\n<\/div>\n\n\n\n<div class=\"wp-block-column is-layout-flow wp-block-column-is-layout-flow\">\n<figure class=\"wp-block-image aligncenter size-large is-resized\"><img loading=\"lazy\" decoding=\"async\" width=\"1024\" height=\"1024\" src=\"https:\/\/drvosan.hr\/wp-content\/uploads\/2024\/04\/1714148275929-1024x1024.jpg\" alt=\"\" class=\"wp-image-196\" style=\"width:551px;height:auto\" srcset=\"https:\/\/drvosan.hr\/wp-content\/uploads\/2024\/04\/1714148275929-1024x1024.jpg 1024w, https:\/\/drvosan.hr\/wp-content\/uploads\/2024\/04\/1714148275929-300x300.jpg 300w, https:\/\/drvosan.hr\/wp-content\/uploads\/2024\/04\/1714148275929-150x150.jpg 150w, https:\/\/drvosan.hr\/wp-content\/uploads\/2024\/04\/1714148275929.jpg 1280w\" sizes=\"auto, (max-width: 1024px) 100vw, 1024px\" \/><\/figure>\n<\/div>\n<\/div>\n<\/div>\n\n\n\n<div style=\"height:33px\" aria-hidden=\"true\" class=\"wp-block-spacer\"><\/div>\n\n\n\n<h3 class=\"wp-block-heading has-text-align-center\">NA\u0160I PARTNERI:<\/h3>\n\n\n\n<hr class=\"wp-block-separator has-alpha-channel-opacity\"\/>\n\n\n\n<div class=\"wp-block-columns is-layout-flex wp-container-core-columns-is-layout-28f84493 wp-block-columns-is-layout-flex\">\n<div class=\"wp-block-column is-layout-flow wp-block-column-is-layout-flow\" style=\"flex-basis:100%\">\n<figure class=\"wp-block-image aligncenter is-resized\"><img loading=\"lazy\" decoding=\"async\" width=\"564\" height=\"91\" src=\"https:\/\/drvosan.hr\/wp-content\/uploads\/2024\/04\/ZIV-IVOSEVIC-logo.png\" alt=\"\" class=\"wp-image-412\" style=\"width:174px;height:auto\" srcset=\"https:\/\/drvosan.hr\/wp-content\/uploads\/2024\/04\/ZIV-IVOSEVIC-logo.png 564w, https:\/\/drvosan.hr\/wp-content\/uploads\/2024\/04\/ZIV-IVOSEVIC-logo-300x48.png 300w\" sizes=\"auto, (max-width: 564px) 100vw, 564px\" \/><\/figure>\n<\/div>\n<\/div>\n\n\n\n<figure class=\"wp-block-image aligncenter is-resized\"><img loading=\"lazy\" decoding=\"async\" width=\"260\" height=\"152\" src=\"https:\/\/drvosan.hr\/wp-content\/uploads\/2024\/04\/eurolam-rakitje.jpg\" alt=\"\" class=\"wp-image-411\" style=\"width:108px;height:auto\"\/><\/figure>\n\n\n\n<figure class=\"wp-block-image aligncenter is-resized\"><img loading=\"lazy\" decoding=\"async\" width=\"300\" height=\"150\" src=\"https:\/\/drvosan.hr\/wp-content\/uploads\/2024\/04\/drvostil.png\" alt=\"\" class=\"wp-image-410\" style=\"width:106px;height:auto\"\/><\/figure>\n\n\n\n<figure class=\"wp-block-image aligncenter is-resized\"><img loading=\"lazy\" decoding=\"async\" width=\"480\" height=\"148\" src=\"https:\/\/drvosan.hr\/wp-content\/uploads\/2024\/04\/iverpan-logo-png.png\" alt=\"\" class=\"wp-image-401\" style=\"width:117px;height:auto\" srcset=\"https:\/\/drvosan.hr\/wp-content\/uploads\/2024\/04\/iverpan-logo-png.png 480w, https:\/\/drvosan.hr\/wp-content\/uploads\/2024\/04\/iverpan-logo-png-300x93.png 300w\" sizes=\"auto, (max-width: 480px) 100vw, 480px\" \/><\/figure>\n\n\n\n<div style=\"height:19px\" aria-hidden=\"true\" class=\"wp-block-spacer\"><\/div>\n\n\n\n<figure class=\"wp-block-image aligncenter is-resized\"><img loading=\"lazy\" decoding=\"async\" width=\"350\" height=\"170\" src=\"https:\/\/drvosan.hr\/wp-content\/uploads\/2024\/04\/logo.png\" alt=\"\" class=\"wp-image-402\" style=\"width:101px;height:auto\" srcset=\"https:\/\/drvosan.hr\/wp-content\/uploads\/2024\/04\/logo.png 350w, https:\/\/drvosan.hr\/wp-content\/uploads\/2024\/04\/logo-300x146.png 300w\" sizes=\"auto, (max-width: 350px) 100vw, 350px\" \/><\/figure>\n\n\n\n<div style=\"height:13px\" aria-hidden=\"true\" class=\"wp-block-spacer\"><\/div>\n\n\n\n<figure class=\"wp-block-image aligncenter is-resized\"><img loading=\"lazy\" decoding=\"async\" width=\"569\" height=\"156\" src=\"https:\/\/drvosan.hr\/wp-content\/uploads\/2024\/04\/Blazic-nav2.png\" alt=\"\" class=\"wp-image-425\" style=\"width:124px;height:auto\" srcset=\"https:\/\/drvosan.hr\/wp-content\/uploads\/2024\/04\/Blazic-nav2.png 569w, https:\/\/drvosan.hr\/wp-content\/uploads\/2024\/04\/Blazic-nav2-300x82.png 300w\" sizes=\"auto, (max-width: 569px) 100vw, 569px\" \/><\/figure>\n\n\n\n<figure class=\"wp-block-image aligncenter size-full is-resized\"><img loading=\"lazy\" decoding=\"async\" width=\"300\" height=\"300\" src=\"https:\/\/drvosan.hr\/wp-content\/uploads\/2024\/04\/conty-plus-logo.jpg\" alt=\"\" class=\"wp-image-426\" style=\"width:76px;height:auto\" srcset=\"https:\/\/drvosan.hr\/wp-content\/uploads\/2024\/04\/conty-plus-logo.jpg 300w, https:\/\/drvosan.hr\/wp-content\/uploads\/2024\/04\/conty-plus-logo-150x150.jpg 150w\" sizes=\"auto, (max-width: 300px) 100vw, 300px\" \/><\/figure>\n\n\n\n<figure class=\"wp-block-image aligncenter size-full is-resized\"><img loading=\"lazy\" decoding=\"async\" width=\"329\" height=\"153\" src=\"https:\/\/drvosan.hr\/wp-content\/uploads\/2024\/04\/frischeis-logo.png\" alt=\"\" class=\"wp-image-427\" style=\"width:73px;height:auto\" srcset=\"https:\/\/drvosan.hr\/wp-content\/uploads\/2024\/04\/frischeis-logo.png 329w, https:\/\/drvosan.hr\/wp-content\/uploads\/2024\/04\/frischeis-logo-300x140.png 300w\" sizes=\"auto, (max-width: 329px) 100vw, 329px\" \/><\/figure>\n\n\n\n<figure class=\"wp-block-image aligncenter size-full is-resized\"><img loading=\"lazy\" decoding=\"async\" width=\"545\" height=\"92\" src=\"https:\/\/drvosan.hr\/wp-content\/uploads\/2024\/04\/images.png\" alt=\"\" class=\"wp-image-428\" style=\"width:237px;height:auto\" srcset=\"https:\/\/drvosan.hr\/wp-content\/uploads\/2024\/04\/images.png 545w, https:\/\/drvosan.hr\/wp-content\/uploads\/2024\/04\/images-300x51.png 300w\" sizes=\"auto, (max-width: 545px) 100vw, 545px\" \/><\/figure>\n\n\n\n<figure class=\"wp-block-image aligncenter size-full is-resized\"><img loading=\"lazy\" decoding=\"async\" width=\"400\" height=\"113\" src=\"https:\/\/drvosan.hr\/wp-content\/uploads\/2024\/04\/javor_logo-e1600246607442.png\" alt=\"\" class=\"wp-image-429\" style=\"width:103px;height:auto\" srcset=\"https:\/\/drvosan.hr\/wp-content\/uploads\/2024\/04\/javor_logo-e1600246607442.png 400w, https:\/\/drvosan.hr\/wp-content\/uploads\/2024\/04\/javor_logo-e1600246607442-300x85.png 300w\" sizes=\"auto, (max-width: 400px) 100vw, 400px\" \/><\/figure>\n\n\n\n<figure class=\"wp-block-image aligncenter size-full is-resized\"><img loading=\"lazy\" decoding=\"async\" width=\"217\" height=\"200\" src=\"https:\/\/drvosan.hr\/wp-content\/uploads\/2024\/04\/sigsistemi.png\" alt=\"\" class=\"wp-image-430\" style=\"width:66px;height:auto\"\/><\/figure>\n\n\n\n<div style=\"height:100px\" aria-hidden=\"true\" class=\"wp-block-spacer\"><\/div>\n","protected":false},"excerpt":{"rendered":"<p>DRVOSAN \u2013 stolarski obrt je obiteljski obrt koji posluje od 2013. godine U svojem radu izlazimo u susret \u017eeljama i potrebama kupaca. Kontinuirani rast, razvoj, borbeni duh, pra\u0107enje tr\u017ei\u0161ta i primjena inovacija omogu\u0107ili su nam da rastemo i trajemo. Osnovna djelatnost obrta je proizvodnja drvene&nbsp;vanjske stolarije, unutarnjih vrata, proizvodnja namje\u0161taja, kuhinja po mjeri, stolova, spava\u0107ih &hellip; <\/p>\n<p class=\"link-more\"><a href=\"https:\/\/drvosan.hr\/index.php\/o-nama-3\/\" class=\"more-link\">Read more<span class=\"screen-reader-text\"> &#8220;O NAMA&#8221;<\/span><\/a><\/p>\n","protected":false},"author":1,"featured_media":0,"parent":0,"menu_order":0,"comment_status":"closed","ping_status":"closed","template":"","meta":{"ngg_post_thumbnail":0,"inspiro_hide_title":false,"footnotes":""},"class_list":["post-185","page","type-page","status-publish","hentry"],"jetpack_sharing_enabled":true,"_links":{"self":[{"href":"https:\/\/drvosan.hr\/index.php\/wp-json\/wp\/v2\/pages\/185","targetHints":{"allow":["GET"]}}],"collection":[{"href":"https:\/\/drvosan.hr\/index.php\/wp-json\/wp\/v2\/pages"}],"about":[{"href":"https:\/\/drvosan.hr\/index.php\/wp-json\/wp\/v2\/types\/page"}],"author":[{"embeddable":true,"href":"https:\/\/drvosan.hr\/index.php\/wp-json\/wp\/v2\/users\/1"}],"replies":[{"embeddable":true,"href":"https:\/\/drvosan.hr\/index.php\/wp-json\/wp\/v2\/comments?post=185"}],"version-history":[{"count":26,"href":"https:\/\/drvosan.hr\/index.php\/wp-json\/wp\/v2\/pages\/185\/revisions"}],"predecessor-version":[{"id":517,"href":"https:\/\/drvosan.hr\/index.php\/wp-json\/wp\/v2\/pages\/185\/revisions\/517"}],"wp:attachment":[{"href":"https:\/\/drvosan.hr\/index.php\/wp-json\/wp\/v2\/media?parent=185"}],"curies":[{"name":"wp","href":"https:\/\/api.w.org\/{rel}","templated":true}]}}