{"id":145,"date":"2024-04-25T17:42:14","date_gmt":"2024-04-25T17:42:14","guid":{"rendered":"https:\/\/drvosan.hr\/?page_id=145"},"modified":"2024-05-12T16:59:51","modified_gmt":"2024-05-12T16:59:51","slug":"namjestaj-po-mjeri","status":"publish","type":"page","link":"https:\/\/drvosan.hr\/index.php\/namjestaj-po-mjeri\/","title":{"rendered":"Namje\u0161taj po mjeri"},"content":{"rendered":"\n<p>Namje\u0161taj izra\u0111ujemo isklju\u010divo za Vas i prema Va\u0161im \u017eeljama.<\/p>\n\n\n\n<p>Bilo da imate vlastitu ideju ili trebate pomo\u0107, mi imamo kapacitet, znanje i iskustvo da ideju pretvorimo u gotov proizvod. Za Vas \u0107emo izraditi namje\u0161taj koji se savr\u0161eno uklapa u Va\u0161 prostor, modernog je dizajna i besprijekorne kvalitete. Sve \u0161to trebamo je Va\u0161a odluka, ostalo je na\u0161a briga.<\/p>\n\n\n\n<h2 class=\"wp-block-heading\">Ure\u0111enje interijera namje\u0161tajem po mjeri<\/h2>\n\n\n\n<p>Najbolje rje\u0161enje za ure\u0111enje stana ili poslovnog prostora je namje\u0161taj po mjeri. Izra\u0111ujemo namje\u0161taj po mjeri i Va\u0161oj \u017eelji i ideji od plo\u010dastih materijala,\u00a0medijapana\u00a0ali i punog drveta, a sve u cilju kvalitetnog ure\u0111enja interijera poslovnog prostora, stanova i drugih interijera po jedinstvenom dizajnu.<\/p>\n\n\n\n<p>&nbsp;Prednost namje\u0161taja po mjeri u odnosu na tipski namje\u0161taj je sama fleksibilnost koja je dostupna. Svaki dio prostorije se mo\u017ee iskoristiti i time dobiti idealno uklopljen namje\u0161taj za ba\u0161 taj dio sobe.<\/p>\n\n\n\n<p><strong>U na\u0161oj ponudi nalaze se jo\u0161 i:<\/strong><\/p>\n\n\n\n<ul class=\"wp-block-list\">\n<li>Stolovi<\/li>\n\n\n\n<li>Ormari<\/li>\n\n\n\n<li>Kupaonski namje\u0161taj<\/li>\n\n\n\n<li>Kreveti<\/li>\n<\/ul>\n\n\n\n<div style=\"height:29px\" aria-hidden=\"true\" class=\"wp-block-spacer\"><\/div>\n\n\n\n<figure class=\"wp-block-gallery has-nested-images columns-4 wp-block-gallery-1 is-layout-flex wp-block-gallery-is-layout-flex\">\n<figure class=\"wp-block-image size-full\"><a href=\"https:\/\/drvosan.hr\/wp-content\/uploads\/2024\/05\/441542375_7431027320311870_1626169224334173417_n.jpg\" target=\"_blank\" rel=\"noopener\" data-rel=\"lightbox-image-0\" data-rl_title=\"\" data-rl_caption=\"\" title=\"\"><img loading=\"lazy\" decoding=\"async\" width=\"1536\" height=\"1929\" data-id=\"534\" src=\"https:\/\/drvosan.hr\/wp-content\/uploads\/2024\/05\/441542375_7431027320311870_1626169224334173417_n.jpg\" alt=\"\" class=\"wp-image-534\" srcset=\"https:\/\/drvosan.hr\/wp-content\/uploads\/2024\/05\/441542375_7431027320311870_1626169224334173417_n.jpg 1536w, https:\/\/drvosan.hr\/wp-content\/uploads\/2024\/05\/441542375_7431027320311870_1626169224334173417_n-239x300.jpg 239w, https:\/\/drvosan.hr\/wp-content\/uploads\/2024\/05\/441542375_7431027320311870_1626169224334173417_n-815x1024.jpg 815w\" sizes=\"auto, (max-width: 1536px) 100vw, 1536px\" \/><\/a><\/figure>\n\n\n\n<figure class=\"wp-block-image size-full\"><a href=\"https:\/\/drvosan.hr\/wp-content\/uploads\/2024\/05\/Nam-6.jpg\" target=\"_blank\" rel=\"noopener\" data-rel=\"lightbox-image-1\" data-rl_title=\"\" data-rl_caption=\"\" title=\"\"><img loading=\"lazy\" decoding=\"async\" width=\"720\" height=\"847\" data-id=\"488\" src=\"https:\/\/drvosan.hr\/wp-content\/uploads\/2024\/05\/Nam-6.jpg\" alt=\"\" class=\"wp-image-488\" srcset=\"https:\/\/drvosan.hr\/wp-content\/uploads\/2024\/05\/Nam-6.jpg 720w, https:\/\/drvosan.hr\/wp-content\/uploads\/2024\/05\/Nam-6-255x300.jpg 255w\" sizes=\"auto, (max-width: 720px) 100vw, 720px\" \/><\/a><\/figure>\n\n\n\n<figure class=\"wp-block-image size-full\"><a href=\"https:\/\/drvosan.hr\/wp-content\/uploads\/2024\/05\/1714662861047-1.jpg\" target=\"_blank\" rel=\"noopener\" data-rel=\"lightbox-image-2\" data-rl_title=\"\" data-rl_caption=\"\" title=\"\"><img loading=\"lazy\" decoding=\"async\" width=\"720\" height=\"815\" data-id=\"502\" src=\"https:\/\/drvosan.hr\/wp-content\/uploads\/2024\/05\/1714662861047-1.jpg\" alt=\"\" class=\"wp-image-502\" srcset=\"https:\/\/drvosan.hr\/wp-content\/uploads\/2024\/05\/1714662861047-1.jpg 720w, https:\/\/drvosan.hr\/wp-content\/uploads\/2024\/05\/1714662861047-1-265x300.jpg 265w\" sizes=\"auto, (max-width: 720px) 100vw, 720px\" \/><\/a><\/figure>\n\n\n\n<figure class=\"wp-block-image size-full\"><a href=\"https:\/\/drvosan.hr\/wp-content\/uploads\/2024\/05\/Nam-4.jpg\" target=\"_blank\" rel=\"noopener\" data-rel=\"lightbox-image-3\" data-rl_title=\"\" data-rl_caption=\"\" title=\"\"><img loading=\"lazy\" decoding=\"async\" width=\"720\" height=\"852\" data-id=\"487\" src=\"https:\/\/drvosan.hr\/wp-content\/uploads\/2024\/05\/Nam-4.jpg\" alt=\"\" class=\"wp-image-487\" srcset=\"https:\/\/drvosan.hr\/wp-content\/uploads\/2024\/05\/Nam-4.jpg 720w, https:\/\/drvosan.hr\/wp-content\/uploads\/2024\/05\/Nam-4-254x300.jpg 254w\" sizes=\"auto, (max-width: 720px) 100vw, 720px\" \/><\/a><\/figure>\n\n\n\n<figure class=\"wp-block-image size-full\"><a href=\"https:\/\/drvosan.hr\/wp-content\/uploads\/2024\/05\/Nam-8.jpg\" target=\"_blank\" rel=\"noopener\" data-rel=\"lightbox-image-4\" data-rl_title=\"\" data-rl_caption=\"\" title=\"\"><img loading=\"lazy\" decoding=\"async\" width=\"720\" height=\"808\" data-id=\"489\" src=\"https:\/\/drvosan.hr\/wp-content\/uploads\/2024\/05\/Nam-8.jpg\" alt=\"\" class=\"wp-image-489\" srcset=\"https:\/\/drvosan.hr\/wp-content\/uploads\/2024\/05\/Nam-8.jpg 720w, https:\/\/drvosan.hr\/wp-content\/uploads\/2024\/05\/Nam-8-267x300.jpg 267w\" sizes=\"auto, (max-width: 720px) 100vw, 720px\" \/><\/a><\/figure>\n\n\n\n<figure class=\"wp-block-image size-full\"><a href=\"https:\/\/drvosan.hr\/wp-content\/uploads\/2024\/05\/Nam-7.jpg\" target=\"_blank\" rel=\"noopener\" data-rel=\"lightbox-image-5\" data-rl_title=\"\" data-rl_caption=\"\" title=\"\"><img loading=\"lazy\" decoding=\"async\" width=\"720\" height=\"850\" data-id=\"490\" src=\"https:\/\/drvosan.hr\/wp-content\/uploads\/2024\/05\/Nam-7.jpg\" alt=\"\" class=\"wp-image-490\" srcset=\"https:\/\/drvosan.hr\/wp-content\/uploads\/2024\/05\/Nam-7.jpg 720w, https:\/\/drvosan.hr\/wp-content\/uploads\/2024\/05\/Nam-7-254x300.jpg 254w\" sizes=\"auto, (max-width: 720px) 100vw, 720px\" \/><\/a><\/figure>\n\n\n\n<figure class=\"wp-block-image size-full\"><a href=\"https:\/\/drvosan.hr\/wp-content\/uploads\/2024\/05\/Nam-9.jpg\" target=\"_blank\" rel=\"noopener\" data-rel=\"lightbox-image-6\" data-rl_title=\"\" data-rl_caption=\"\" title=\"\"><img loading=\"lazy\" decoding=\"async\" width=\"720\" height=\"960\" data-id=\"492\" src=\"https:\/\/drvosan.hr\/wp-content\/uploads\/2024\/05\/Nam-9.jpg\" alt=\"\" class=\"wp-image-492\" srcset=\"https:\/\/drvosan.hr\/wp-content\/uploads\/2024\/05\/Nam-9.jpg 720w, https:\/\/drvosan.hr\/wp-content\/uploads\/2024\/05\/Nam-9-225x300.jpg 225w\" sizes=\"auto, (max-width: 720px) 100vw, 720px\" \/><\/a><\/figure>\n\n\n\n<figure class=\"wp-block-image size-full\"><a href=\"https:\/\/drvosan.hr\/wp-content\/uploads\/2024\/05\/Nam-5.jpg\" target=\"_blank\" rel=\"noopener\" data-rel=\"lightbox-image-7\" data-rl_title=\"\" data-rl_caption=\"\" title=\"\"><img loading=\"lazy\" decoding=\"async\" width=\"960\" height=\"720\" data-id=\"491\" src=\"https:\/\/drvosan.hr\/wp-content\/uploads\/2024\/05\/Nam-5.jpg\" alt=\"\" class=\"wp-image-491\" srcset=\"https:\/\/drvosan.hr\/wp-content\/uploads\/2024\/05\/Nam-5.jpg 960w, https:\/\/drvosan.hr\/wp-content\/uploads\/2024\/05\/Nam-5-300x225.jpg 300w\" sizes=\"auto, (max-width: 960px) 100vw, 960px\" \/><\/a><\/figure>\n<\/figure>\n\n\n\n<div style=\"height:64px\" aria-hidden=\"true\" class=\"wp-block-spacer\"><\/div>\n","protected":false},"excerpt":{"rendered":"<p>Namje\u0161taj izra\u0111ujemo isklju\u010divo za Vas i prema Va\u0161im \u017eeljama. Bilo da imate vlastitu ideju ili trebate pomo\u0107, mi imamo kapacitet, znanje i iskustvo da ideju pretvorimo u gotov proizvod. Za Vas \u0107emo izraditi namje\u0161taj koji se savr\u0161eno uklapa u Va\u0161 prostor, modernog je dizajna i besprijekorne kvalitete. Sve \u0161to trebamo je Va\u0161a odluka, ostalo je &hellip; <\/p>\n<p class=\"link-more\"><a href=\"https:\/\/drvosan.hr\/index.php\/namjestaj-po-mjeri\/\" class=\"more-link\">Read more<span class=\"screen-reader-text\"> &#8220;Namje\u0161taj po mjeri&#8221;<\/span><\/a><\/p>\n","protected":false},"author":1,"featured_media":0,"parent":0,"menu_order":0,"comment_status":"closed","ping_status":"closed","template":"","meta":{"ngg_post_thumbnail":0,"inspiro_hide_title":false,"footnotes":""},"class_list":["post-145","page","type-page","status-publish","hentry"],"jetpack_sharing_enabled":true,"_links":{"self":[{"href":"https:\/\/drvosan.hr\/index.php\/wp-json\/wp\/v2\/pages\/145","targetHints":{"allow":["GET"]}}],"collection":[{"href":"https:\/\/drvosan.hr\/index.php\/wp-json\/wp\/v2\/pages"}],"about":[{"href":"https:\/\/drvosan.hr\/index.php\/wp-json\/wp\/v2\/types\/page"}],"author":[{"embeddable":true,"href":"https:\/\/drvosan.hr\/index.php\/wp-json\/wp\/v2\/users\/1"}],"replies":[{"embeddable":true,"href":"https:\/\/drvosan.hr\/index.php\/wp-json\/wp\/v2\/comments?post=145"}],"version-history":[{"count":20,"href":"https:\/\/drvosan.hr\/index.php\/wp-json\/wp\/v2\/pages\/145\/revisions"}],"predecessor-version":[{"id":552,"href":"https:\/\/drvosan.hr\/index.php\/wp-json\/wp\/v2\/pages\/145\/revisions\/552"}],"wp:attachment":[{"href":"https:\/\/drvosan.hr\/index.php\/wp-json\/wp\/v2\/media?parent=145"}],"curies":[{"name":"wp","href":"https:\/\/api.w.org\/{rel}","templated":true}]}}